{"id":2,"date":"2021-01-03T16:58:16","date_gmt":"2021-01-03T13:58:16","guid":{"rendered":"http:\/\/gidalojistigi.com\/?page_id=2"},"modified":"2026-01-17T19:22:08","modified_gmt":"2026-01-17T16:22:08","slug":"ornek-sayfa","status":"publish","type":"page","link":"http:\/\/gidalojistigi.com\/?page_id=2","title":{"rendered":"Hakk\u0131mda"},"content":{"rendered":"\n<figure class=\"wp-block-image size-large is-resized\"><img loading=\"lazy\" decoding=\"async\" width=\"763\" height=\"1024\" src=\"http:\/\/gidalojistigi.com\/wp-content\/uploads\/2026\/01\/Recep-Cevik-400-kb-v2-763x1024.jpg\" alt=\"\" class=\"wp-image-375\" style=\"width:281px;height:354px\" srcset=\"http:\/\/gidalojistigi.com\/wp-content\/uploads\/2026\/01\/Recep-Cevik-400-kb-v2-763x1024.jpg 763w, http:\/\/gidalojistigi.com\/wp-content\/uploads\/2026\/01\/Recep-Cevik-400-kb-v2-224x300.jpg 224w, http:\/\/gidalojistigi.com\/wp-content\/uploads\/2026\/01\/Recep-Cevik-400-kb-v2-768x1030.jpg 768w, http:\/\/gidalojistigi.com\/wp-content\/uploads\/2026\/01\/Recep-Cevik-400-kb-v2-1145x1536.jpg 1145w, http:\/\/gidalojistigi.com\/wp-content\/uploads\/2026\/01\/Recep-Cevik-400-kb-v2-1527x2048.jpg 1527w, http:\/\/gidalojistigi.com\/wp-content\/uploads\/2026\/01\/Recep-Cevik-400-kb-v2-scaled.jpg 1909w\" sizes=\"(max-width: 763px) 100vw, 763px\" \/><\/figure>\n\n\n\n<h3 class=\"wp-block-heading\"><span class=\"has-inline-color has-black-color\">Recep \u00c7EV\u0130K<\/span><\/h3>\n\n\n\n<p>Recep \u00c7evik , \u0130stanbul Ayd\u0131n \u00dcniversitesi Uluslararas\u0131 Lojistik b\u00f6l\u00fcm\u00fcnden 2007 y\u0131l\u0131nda mezun olmu\u015ftur.<\/p>\n\n\n\n<p>2022 y\u0131l\u0131nda \u0130stanbul \u00dcniversitesi Lojistik ve Tedarik Zinciri Y\u00f6netimi \u00fczerine y\u00fcksek lisans\u0131n\u0131 tamamlam\u0131\u015ft\u0131r.<\/p>\n\n\n\n<p>Kariyer hayat\u0131na 2007 y\u0131l\u0131nda Lojitek E\u011fitim ve Dan\u0131\u015fmanl\u0131k \u2018ta Lojistik Optimizasyon Uzman\u0131 olarak ba\u015flam\u0131\u015ft\u0131r. 2008 y\u0131l\u0131nda Netlog Lojistik \u2018te \u0130\u015f Geli\u015ftirme Uzman\u0131 ve Lojistik M\u00fcd\u00fcr Yard\u0131mc\u0131s\u0131 olarak g\u00f6rev alm\u0131\u015ft\u0131r.<\/p>\n\n\n\n<p>2012 y\u0131l\u0131nda Metro Market T\u00fcrkiye ekibine kat\u0131lan Recep \u00c7evik , K\u0131demli Tedarik Zinciri Y\u00f6neticisi ve sonras\u0131nda Outbound Logistics Operations Manager olarak g\u00f6rev alm\u0131\u015ft\u0131r.<\/p>\n\n\n\n<p>2020 &#8211; 2025 y\u0131llar\u0131 aras\u0131nda Metro Market Senior Logistics Operations Manager g\u00f6revinde bulunmu\u015ftur.<\/p>\n\n\n\n<p>Temmuz 2025 itibari ile FLO Group ailesine kat\u0131ld\u0131 ve Lojistik Direkt\u00f6r\u00fc g\u00f6revini \u00fcstlenmi\u015ftir.<\/p>\n\n\n\n<p><strong>T\u0131klay\u0131n\u0131z : <a href=\"https:\/\/www.linkedin.com\/in\/recepcevik55\/\">Recep \u00c7evik | LinkedIn<\/a><\/strong><\/p>\n","protected":false},"excerpt":{"rendered":"<p>Recep \u00c7EV\u0130K Recep \u00c7evik , \u0130stanbul Ayd\u0131n \u00dcniversitesi Uluslararas\u0131 Lojistik b\u00f6l\u00fcm\u00fcnden 2007 y\u0131l\u0131nda mezun olmu\u015ftur. [&hellip;]<\/p>\n","protected":false},"author":1,"featured_media":0,"parent":0,"menu_order":0,"comment_status":"closed","ping_status":"open","template":"","meta":{"_themeisle_gutenberg_block_has_review":false,"footnotes":""},"class_list":["post-2","page","type-page","status-publish","hentry"],"_links":{"self":[{"href":"http:\/\/gidalojistigi.com\/index.php?rest_route=\/wp\/v2\/pages\/2"}],"collection":[{"href":"http:\/\/gidalojistigi.com\/index.php?rest_route=\/wp\/v2\/pages"}],"about":[{"href":"http:\/\/gidalojistigi.com\/index.php?rest_route=\/wp\/v2\/types\/page"}],"author":[{"embeddable":true,"href":"http:\/\/gidalojistigi.com\/index.php?rest_route=\/wp\/v2\/users\/1"}],"replies":[{"embeddable":true,"href":"http:\/\/gidalojistigi.com\/index.php?rest_route=%2Fwp%2Fv2%2Fcomments&post=2"}],"version-history":[{"count":10,"href":"http:\/\/gidalojistigi.com\/index.php?rest_route=\/wp\/v2\/pages\/2\/revisions"}],"predecessor-version":[{"id":391,"href":"http:\/\/gidalojistigi.com\/index.php?rest_route=\/wp\/v2\/pages\/2\/revisions\/391"}],"wp:attachment":[{"href":"http:\/\/gidalojistigi.com\/index.php?rest_route=%2Fwp%2Fv2%2Fmedia&parent=2"}],"curies":[{"name":"wp","href":"https:\/\/api.w.org\/{rel}","templated":true}]}}